{"id":255,"date":"2023-10-16T18:39:03","date_gmt":"2023-10-16T16:39:03","guid":{"rendered":"https:\/\/ingw.eu\/?page_id=255"},"modified":"2024-07-02T10:47:03","modified_gmt":"2024-07-02T08:47:03","slug":"impressum","status":"publish","type":"page","link":"https:\/\/ingw.eu\/en\/impressum\/","title":{"rendered":"Impressum"},"content":{"rendered":"<p><\/p>\n\n\n\n<p><strong>Institut f\u00fcr nachhaltigen gesellschaftlichen Wandel (INGW) e.V.<\/strong><\/p>\n\n\n\n<p>Krozinger Str. 11, 79292 Pfaffenweiler<\/p>\n\n\n\n<p>Tel.: 0179 2362983<\/p>\n\n\n\n<p>To contact us please fill out the form here: <a href=\"https:\/\/ingw.eu\/en\/kontakt\/\">https:\/\/ingw.eu\/kontakt\/<\/a><\/p>\n\n\n\n<p>Vorstandsvorsitzender:  Simon Sohre<\/p>\n\n\n\n<p>VR 703385     Amtsgericht Freiburg im Breisgau &#8211; Registergericht<\/p>\n\n\n\n<p><strong>Legal Notice<\/strong><\/p>\n\n\n\n<p>Wir sind bestrebt, die Informationen auf der Website so aktuell, genau und vollst\u00e4ndig wie m\u00f6glich zu halten. Allerdings geben INGW e.V., Inhaltsautoren, verbundene Unternehmen, Partner, Mitarbeiter oder andere Vertreter keine Zusicherungen oder Gew\u00e4hrleistungen jeglicher Art, weder ausdr\u00fccklich noch stillschweigend, in Bezug auf die Nutzung oder Unm\u00f6glichkeit der Nutzung der Informationen ab (und lehnen dies ausdr\u00fccklich ab). <\/p>\n\n\n\n<p><strong>Haftung f\u00fcr Inhalte<\/strong><\/p>\n\n\n\n<p>Als Diensteanbieter sind wir gem\u00e4\u00df \u00a7 7 Abs.1 TMG f\u00fcr eigene Inhalte auf diesen Seiten nach den allgemeinen Gesetzen verantwortlich. Nach \u00a7\u00a7 8 bis 10 TMG sind wir als Diensteanbieter jedoch nicht verpflichtet, \u00fcbermittelte oder gespeicherte fremde Informationen zu \u00fcberwachen oder nach Umst\u00e4nden zu forschen, die auf eine rechtswidrige T\u00e4tigkeit hinweisen.<\/p>\n\n\n\n<p>Verpflichtungen zur Entfernung oder Sperrung der Nutzung von Informationen nach den allgemeinen Gesetzen bleiben hiervon unber\u00fchrt. Eine diesbez\u00fcgliche Haftung ist jedoch erst ab dem Zeitpunkt der Kenntnis einer konkreten Rechtsverletzung m\u00f6glich. Bei Bekanntwerden von entsprechenden Rechtsverletzungen werden wir diese Inhalte umgehend entfernen<\/p>\n\n\n\n<p><strong>Haftung f\u00fcr Links<\/strong><\/p>\n\n\n\n<p>Unser Angebot enth\u00e4lt Links zu externen Websites Dritter, auf deren Inhalte wir keinen Einfluss haben. Deshalb k\u00f6nnen wir f\u00fcr diese fremden Inhalte auch keine Gew\u00e4hr \u00fcbernehmen. F\u00fcr die Inhalte der verlinkten Seiten ist stets der jeweilige Anbieter oder Betreiber der Seiten verantwortlich. Die verlinkten Seiten wurden zum Zeitpunkt der Verlinkung auf m\u00f6gliche Rechtsverst\u00f6\u00dfe \u00fcberpr\u00fcft. Rechtswidrige Inhalte waren zum Zeitpunkt der Verlinkung nicht erkennbar<\/p>\n\n\n\n<p>Eine permanente inhaltliche Kontrolle der verlinkten Seiten ist jedoch ohne konkrete Anhaltspunkte einer Rechtsverletzung nicht zumutbar. Bei Bekanntwerden von Rechtsverletzungen werden wir derartige Links umgehend entfernen.<\/p>\n\n\n\n<p><strong>Urheberrecht<\/strong><\/p>\n\n\n\n<p>Die durch die Seitenbetreiber erstellten Inhalte und Werke auf diesen Seiten unterliegen dem deutschen Urheberrecht. Die Vervielf\u00e4ltigung, Bearbeitung, Verbreitung und jede Art der Verwertung au\u00dferhalb der Grenzen des Urheberrechtes bed\u00fcrfen der schriftlichen Zustimmung des jeweiligen Autors bzw. Erstellers. Downloads und Kopien dieser Seite sind nur f\u00fcr den privaten, nicht kommerziellen Gebrauch gestattet.<\/p>\n\n\n\n<p>Soweit die Inhalte auf dieser Seite nicht vom Betreiber erstellt wurden, werden die Urheberrechte Dritter beachtet. Insbesondere werden Inhalte Dritter als solche gekennzeichnet. Sollten Sie trotzdem auf eine Urheberrechtsverletzung aufmerksam werden, bitten wir um einen entsprechenden Hinweis. Bei Bekanntwerden von Rechtsverletzungen werden wir derartige Inhalte umgehend entfernen.<\/p>\n\n\n\n<p><\/p>\n\n\n\n<p><strong>Bildnachweise<\/strong><\/p>\n\n\n\n<p>Alle verwendeten Bilder sind freiverf\u00fcgbare Bilder von pexels.com.<\/p>\n\n\n\n<p>Bitte beachten Sie auch unsere Datenschutzerkl\u00e4rung.<\/p>","protected":false},"excerpt":{"rendered":"<p>Institut f\u00fcr nachhaltigen gesellschaftlichen Wandel (INGW) e.V. Krozinger Str. 11, 79292 Pfaffenweiler Tel.: 0179 2362983 Um mit uns Kontakt aufzunehmen, f\u00fcllen Sie bitte das Formular hier aus: https:\/\/ingw.eu\/kontakt\/ Vorstandsvorsitzender: Simon Sohre VR 703385 Amtsgericht Freiburg im Breisgau &#8211; Registergericht Rechtliche Hinweise Wir sind bestrebt, die Informationen auf der Website so aktuell, genau und vollst\u00e4ndig wie [&hellip;]<\/p>\n","protected":false},"author":2,"featured_media":0,"parent":0,"menu_order":0,"comment_status":"closed","ping_status":"closed","template":"","meta":{"om_disable_all_campaigns":false,"_monsterinsights_skip_tracking":false,"_monsterinsights_sitenote_active":false,"_monsterinsights_sitenote_note":"","_monsterinsights_sitenote_category":0,"footnotes":""},"class_list":["post-255","page","type-page","status-publish","hentry"],"aioseo_notices":[],"_links":{"self":[{"href":"https:\/\/ingw.eu\/en\/wp-json\/wp\/v2\/pages\/255","targetHints":{"allow":["GET"]}}],"collection":[{"href":"https:\/\/ingw.eu\/en\/wp-json\/wp\/v2\/pages"}],"about":[{"href":"https:\/\/ingw.eu\/en\/wp-json\/wp\/v2\/types\/page"}],"author":[{"embeddable":true,"href":"https:\/\/ingw.eu\/en\/wp-json\/wp\/v2\/users\/2"}],"replies":[{"embeddable":true,"href":"https:\/\/ingw.eu\/en\/wp-json\/wp\/v2\/comments?post=255"}],"version-history":[{"count":5,"href":"https:\/\/ingw.eu\/en\/wp-json\/wp\/v2\/pages\/255\/revisions"}],"predecessor-version":[{"id":330,"href":"https:\/\/ingw.eu\/en\/wp-json\/wp\/v2\/pages\/255\/revisions\/330"}],"wp:attachment":[{"href":"https:\/\/ingw.eu\/en\/wp-json\/wp\/v2\/media?parent=255"}],"curies":[{"name":"wp","href":"https:\/\/api.w.org\/{rel}","templated":true}]}}