{"id":28,"date":"2022-02-11T11:26:43","date_gmt":"2022-02-11T10:26:43","guid":{"rendered":"https:\/\/ingw.eu\/?page_id=28"},"modified":"2024-08-15T12:34:31","modified_gmt":"2024-08-15T10:34:31","slug":"vision-und-ziele","status":"publish","type":"page","link":"https:\/\/ingw.eu\/en\/vision-und-ziele\/","title":{"rendered":"Vision and goals"},"content":{"rendered":"<p>Das INGW e.V. versteht sich als transdisziplin\u00e4r ausgerichteter Ort der Analyse, Initiierung und Begleitung von Gestaltungsprozessen. Unsere Mission ist es, einen Beitrag zum sozial und \u00f6kologisch tragf\u00e4higen Wandel und somit f\u00fcr eine nachhaltige Gesellschaft zu leisten. Es vertritt in Forschung, Beratung und Bildung einen dialogorientierten Ansatz, der allen relevanten Beteiligten eine gleichberechtigte Stimme gibt. Individuelle und kollektive Selbstbestimmung, Partizipation, Emanzipation und M\u00fcndigkeit sind zentrale Werte, die diesem dialogorientierten Ansatz zugrunde liegen.<\/p>\n\n\n\n<p><strong>Unsere Vision:<\/strong><\/p>\n\n\n\n<p>Ein sozial-\u00f6kologischer Gesellschaftswandel ist erforderlich, m\u00f6glich und gestaltbar.&nbsp;<\/p>\n\n\n\n<ul class=\"wp-block-list\">\n<li>Sozial-\u00f6kologische Transformationen lassen sich an sozialer und \u00f6kologischer Gerechtigkeit messen.<\/li>\n\n\n\n<li>Sozial-\u00f6kologische Transformationen sind soziale Lernprozesse, die sich an individueller und kollektiver Selbstbestimmung ausrichten und nicht einzelnen Interessen untergeordnet werden d\u00fcrfen.<\/li>\n\n\n\n<li>Bildung, Dialog und Kommunikation von und zwischen politischen, wirtschaftlichen und zivilgesellschaftlichen Akteuren und B\u00fcrgern sind Grundvoraussetzungen, um die Transformation demokratisch und sozial gerecht zu steuern.<\/li>\n<\/ul>\n\n\n\n<p><strong>Unsere Ziele:<\/strong><\/p>\n\n\n\n<ul class=\"wp-block-list\">\n<li>Wir helfen, Bedingungen zu schaffen, die die Teilnahme an Dialog und Kommunikation &#8211; in allen Lebensphasen &#8211; erm\u00f6glichen.<\/li>\n\n\n\n<li>Wir generieren Wissen und Erkenntnisse, wie die individuelle und kollektive Mitbestimmung erh\u00f6ht werden k\u00f6nnen<\/li>\n\n\n\n<li>Wir helfen, tragf\u00e4hige Routinen, Modelle und Konzepte zu entwickeln, die sozial-\u00f6kologische Transformationen sozial gerecht und&nbsp; integrativ zu gestalten.<\/li>\n<\/ul>\n\n\n\n<p><strong>Forschungsansatz:<\/strong><\/p>\n\n\n\n<p>Gesellschaften zu verstehen und zu gestalten hat es immer mit Widerspr\u00fcchen zwischen Ver\u00e4nderung\/Wandel und Stabilit\u00e4t\/Ordnung zu tun. Gesellschaftlicher Wandel ist also immer Chance und Konflikt zugleich. Ausgehend von dieser Grundeinsicht, soll ein nachhaltiger gesellschaftlicher Wandel unter der Beachtung folgender vier Dimensionen erforscht werden<\/p>\n\n\n\n<p><strong>Transdisciplinarity and justice<\/strong><\/p>\n\n\n\n<p>A central premise is that any design of social change is only necessary with the involvement of all actors when problems and topics are defined - namely all age groups (transdisciplinary research). We also assume that not all people want to or can actively participate in a social transformation at all times - for reasons of social equality and justice, the INGW tries to initiate advocacy research in order to include as many voices as possible from those addressed and affected in the discourse about a \u201cbig one \u201cTransformation\u201d to represent.&nbsp;<\/p>\n\n\n\n<p><strong>Reflexivity and criticism<\/strong><\/p>\n\n\n\n<p>Wissen und Erkenntnisse generieren sich nur durch eine integrative Perspektive, die Struktur und Kultur verbindet. Jede Gesellschaft ist in materiellen Strukturdaten (Macht, Eigentum, Wirtschaftsleistung, etc.) repr\u00e4sentierbar und wird meistens durch normative Kulturverst\u00e4ndnisse gerechtfertigt und akzeptiert. Dabei ist davon auszugehen, dass die Sozialstrukturanalyse Ungerechtigkeit und soziale Ungleichheit empirisch aufzeigen kann, welche mit kulturellen Selbstverst\u00e4ndnissen in Konflikt stehen. Soziale Ungleichheit und soziale Gerechtigkeit sind treibende Verh\u00e4ltnisse, die \u00fcberwunden werden m\u00fcssen. Jede eigene Forschungsaktivit\u00e4t im INGW legt gro\u00dfen Wert darauf, die eigene Wissens- und Erkenntnisproduktion kritisch in Bezug auf die eigenen gesellschaftlichen Wirkungen zu befragen.<\/p>\n\n\n\n<p><strong>Change means learning<\/strong><\/p>\n\n\n\n<p>Social movements as well as social orders are preceded by learning, upbringing and educational processes of people and groups. The focus of the INGW is therefore the investigation of individual pedagogical and collective socio-educational learning, upbringing and educational processes in relation to the change in cultural (self-)understandings, whereby the insight-leading perspective represents the increase in individual and collective self-determination in democratic-political concepts of order . For example, questions of individual motivation as well as questions about collective learning blocks in relation to social change and sustainability can be brought into focus.<\/p>\n\n\n\n<p><strong>Acting for a new era<\/strong><\/p>\n\n\n\n<p>Sustainability means turning assumptions about the future into starting points for concrete action in the present.<\/p>\n\n\n\n<p>The core of all sustainability-related thinking, speaking and acting depends on people's ability to transcend the \u201creal\u201d and move in the \u201cspace of possibilities\u201d. Vision, utopias, dystopias, ideals, worldviews and beliefs are expressions of a \u201csocial imagination\u201d that still lacks the experience of a concrete everyday life. Social imaginations must penetrate the everyday world and become symbols, texts, images, plans or maps so that they can guide action and stabilize themselves in routines. The INGW is also interested in these transformations<\/p>\n\n\n\n<p>Das INGW begleitet den nachhaltigen und gesellschaftlichen Wandel, unter Beachtung dieser vier Dimensionen, entlang des Kontinuums Theorie \u2013 Praxis und Individuell \u2013 kollektiv:<\/p>\n\n\n\n<figure class=\"wp-block-image size-full\"><img decoding=\"async\" src=\"https:\/\/ingw.eu\/wp-content\/uploads\/2023\/10\/circle-scaled-e1697475020286.jpg\" alt=\"\" class=\"wp-image-260\"\/><\/figure>\n\n\n\n<p><strong>Transformationsbereiche<\/strong>:<\/p>\n\n\n\n<p><strong><a href=\"https:\/\/ingw.eu\/en\/dynamiken-im-staedtischen-und-laendlichen-raum\/\" target=\"_blank\" rel=\"noopener\" title=\"\">Dynamiken im st\u00e4dtischen und l\u00e4ndlichen Raum\u00a0<\/a><\/strong><\/p>\n\n\n\n<p><strong><a href=\"\/en\/bildung-des-sozialen\/\" target=\"_blank\" rel=\"noopener\" title=\"\">Bildung des Sozialen&nbsp;<\/a><\/strong><\/p>\n\n\n\n<p><strong><a href=\"\/en\/demokratie\/\" target=\"_blank\" rel=\"noopener\" title=\"\">Demokratie<\/a><\/strong><\/p>\n\n\n\n<p><strong><a href=\"\/en\/steuerung\/\" target=\"_blank\" rel=\"noopener\" title=\"\">Steuerung<\/a><\/strong><\/p>","protected":false},"excerpt":{"rendered":"<p>Das INGW e.V. versteht sich als transdisziplin\u00e4r ausgerichteter Ort der Analyse, Initiierung und Begleitung von Gestaltungsprozessen. Unsere Mission ist es, einen Beitrag zum sozial und \u00f6kologisch tragf\u00e4higen Wandel und somit f\u00fcr eine nachhaltige Gesellschaft zu leisten. Es vertritt in Forschung, Beratung und Bildung einen dialogorientierten Ansatz, der allen relevanten Beteiligten eine gleichberechtigte Stimme gibt. Individuelle [&hellip;]<\/p>\n","protected":false},"author":1,"featured_media":0,"parent":0,"menu_order":0,"comment_status":"closed","ping_status":"closed","template":"","meta":{"om_disable_all_campaigns":false,"_monsterinsights_skip_tracking":false,"_monsterinsights_sitenote_active":false,"_monsterinsights_sitenote_note":"","_monsterinsights_sitenote_category":0,"footnotes":""},"class_list":["post-28","page","type-page","status-publish","hentry"],"aioseo_notices":[],"_links":{"self":[{"href":"https:\/\/ingw.eu\/en\/wp-json\/wp\/v2\/pages\/28","targetHints":{"allow":["GET"]}}],"collection":[{"href":"https:\/\/ingw.eu\/en\/wp-json\/wp\/v2\/pages"}],"about":[{"href":"https:\/\/ingw.eu\/en\/wp-json\/wp\/v2\/types\/page"}],"author":[{"embeddable":true,"href":"https:\/\/ingw.eu\/en\/wp-json\/wp\/v2\/users\/1"}],"replies":[{"embeddable":true,"href":"https:\/\/ingw.eu\/en\/wp-json\/wp\/v2\/comments?post=28"}],"version-history":[{"count":18,"href":"https:\/\/ingw.eu\/en\/wp-json\/wp\/v2\/pages\/28\/revisions"}],"predecessor-version":[{"id":370,"href":"https:\/\/ingw.eu\/en\/wp-json\/wp\/v2\/pages\/28\/revisions\/370"}],"wp:attachment":[{"href":"https:\/\/ingw.eu\/en\/wp-json\/wp\/v2\/media?parent=28"}],"curies":[{"name":"wp","href":"https:\/\/api.w.org\/{rel}","templated":true}]}}