{"id":350,"date":"2024-08-15T12:23:54","date_gmt":"2024-08-15T10:23:54","guid":{"rendered":"https:\/\/ingw.eu\/?page_id=350"},"modified":"2024-08-15T12:38:08","modified_gmt":"2024-08-15T10:38:08","slug":"dynamiken-im-staedtischen-und-laendlichen-raum","status":"publish","type":"page","link":"https:\/\/ingw.eu\/en\/dynamiken-im-staedtischen-und-laendlichen-raum\/","title":{"rendered":"Dynamiken im st\u00e4dtischen und l\u00e4ndlichen Raum\u00a0"},"content":{"rendered":"<p>Die Dynamiken im st\u00e4dtischen und l\u00e4ndlichen Raum sind eng verkn\u00fcpft und m\u00fcssen gemeinsam gedacht werden, um nachhaltige L\u00f6sungen zu entwickeln; z.B. im Bereich der Mobilit\u00e4t (Pendler*innen) aber auch in Bezug auf Fragen von Ern\u00e4hrung und Gerechtigkeit.<\/p>\n\n\n\n<p>Nachhaltige Transformationen sind immer an bestimmte r\u00e4umliche Kontexte gebunden. Das INGW fokussiert in seiner Arbeit auf Transformationen vor Ort: auf der lokalen Ebene und in der Region. Konkret geht es um Prozesse der Gestaltung und Umgestaltung von st\u00e4dtischen und l\u00e4ndlichen R\u00e4umen, die vor neuen Herausforderungen stehen (Energiewende, Mobilit\u00e4tswende, Ern\u00e4hrungswende; Abwanderung aber auch Zuzug, Daseinsvorsorge, Aufrechterhaltung von Infrastruktur, medizinischer, schulischer Versorgung, kulturellen Angebote). Gleichzeitig bieten die Herausforderungen aber auch Chancen f\u00fcr die Entwicklung von Lebensqualit\u00e4t und einer Neubewertung der Bedeutung des l\u00e4ndlichen Raumes. Konkret richten wir den Fokus darauf, die Handlungskapazit\u00e4ten von st\u00e4dtischen und l\u00e4ndlichen Gemeinden zum chancenorientierten Umgang mit Herausforderungen zu st\u00e4rken.&nbsp;<\/p>\n\n\n\n<ul class=\"wp-block-list\">\n<li>Gestaltung von Transformationsprozessen, Organisationsgestaltung<\/li>\n\n\n\n<li>Vernetzung von Akteuren und Kooperation mit anderen Gemeinden<\/li>\n\n\n\n<li>Produktives Stadt-Land Verh\u00e4ltnis im Bereich Ern\u00e4hrung (Regio-Label, Mehr Wertsch\u00f6pfung beim Landwirt), Verkehr (Verbindung Stadt-Land, Ausbau \u00d6PNV, \u2026.) und im Bereich Energie (Autonome Energiegemeinden und Stadtteile)<\/li>\n\n\n\n<li>Austausch zu kultureller Differenz, Nostalgie, soziale Koh\u00e4sion<\/li>\n<\/ul>","protected":false},"excerpt":{"rendered":"<p>Die Dynamiken im st\u00e4dtischen und l\u00e4ndlichen Raum sind eng verkn\u00fcpft und m\u00fcssen gemeinsam gedacht werden, um nachhaltige L\u00f6sungen zu entwickeln; z.B. im Bereich der Mobilit\u00e4t (Pendler*innen) aber auch in Bezug auf Fragen von Ern\u00e4hrung und Gerechtigkeit. Nachhaltige Transformationen sind immer an bestimmte r\u00e4umliche Kontexte gebunden. Das INGW fokussiert in seiner Arbeit auf Transformationen vor Ort: [&hellip;]<\/p>\n","protected":false},"author":2,"featured_media":251,"parent":0,"menu_order":0,"comment_status":"closed","ping_status":"closed","template":"","meta":{"om_disable_all_campaigns":false,"_monsterinsights_skip_tracking":false,"_monsterinsights_sitenote_active":false,"_monsterinsights_sitenote_note":"","_monsterinsights_sitenote_category":0,"footnotes":""},"class_list":["post-350","page","type-page","status-publish","has-post-thumbnail","hentry"],"aioseo_notices":[],"_links":{"self":[{"href":"https:\/\/ingw.eu\/en\/wp-json\/wp\/v2\/pages\/350","targetHints":{"allow":["GET"]}}],"collection":[{"href":"https:\/\/ingw.eu\/en\/wp-json\/wp\/v2\/pages"}],"about":[{"href":"https:\/\/ingw.eu\/en\/wp-json\/wp\/v2\/types\/page"}],"author":[{"embeddable":true,"href":"https:\/\/ingw.eu\/en\/wp-json\/wp\/v2\/users\/2"}],"replies":[{"embeddable":true,"href":"https:\/\/ingw.eu\/en\/wp-json\/wp\/v2\/comments?post=350"}],"version-history":[{"count":2,"href":"https:\/\/ingw.eu\/en\/wp-json\/wp\/v2\/pages\/350\/revisions"}],"predecessor-version":[{"id":372,"href":"https:\/\/ingw.eu\/en\/wp-json\/wp\/v2\/pages\/350\/revisions\/372"}],"wp:featuredmedia":[{"embeddable":true,"href":"https:\/\/ingw.eu\/en\/wp-json\/wp\/v2\/media\/251"}],"wp:attachment":[{"href":"https:\/\/ingw.eu\/en\/wp-json\/wp\/v2\/media?parent=350"}],"curies":[{"name":"wp","href":"https:\/\/api.w.org\/{rel}","templated":true}]}}