{"id":354,"date":"2024-08-15T12:26:24","date_gmt":"2024-08-15T10:26:24","guid":{"rendered":"https:\/\/ingw.eu\/?page_id=354"},"modified":"2024-08-15T12:31:36","modified_gmt":"2024-08-15T10:31:36","slug":"bildung-des-sozialen","status":"publish","type":"page","link":"https:\/\/ingw.eu\/en\/bildung-des-sozialen\/","title":{"rendered":"Bildung des Sozialen\u00a0"},"content":{"rendered":"<p>Das INGW versteht die Bildung des Sozialen als eine sozialp\u00e4dagogische Aufgabe. Es erforscht die Grundlagen kollektiver Lern-, Bildungs- und Entwicklungsprozesse in Gemeinschaften und Gesellschaften unter Einbezug aller Betroffenen. Dabei stehen die Bildungsbedingungen des Sozialen f\u00fcr eine zuk\u00fcnftige Gesellschaft ebenso im Fokus wie die F\u00f6rderung und Verbesserung individueller und kollektiver Bildungsprozesse im aktuellen Bildungs- und Sozialbereich. Zentrale Werte f\u00fcr eine inter- und intragenerationale Gerechtigkeit liegen in Demokratisierung, Partizipation, Inklusion und Gleichheit, die sich in den Strukturen und Institutionen einer Gesellschaft widerspiegeln m\u00fcssen. Die F\u00f6rderung dieser zentralen Werte in Organisation und Institutionen ist ein zentrales Ziel der Transformationsarbeit&nbsp; im Bereich Bildung und Soziales.<\/p>\n\n\n\n<p>Das INGW adressiert alle Alters und Lebensphasen, im Besonderen arbeitet es&nbsp; mit Kindern und Jugendlichen und Eltern und Erziehungs-\/Sorgeberechtigten zusammen, um der nachwachsenden Generation eine Stimme zu geben und versteht sich als Advokatorin f\u00fcr ihre Bed\u00fcrfnisse und Erwartungen an eine zuk\u00fcnftige Gesellschaft.<\/p>","protected":false},"excerpt":{"rendered":"<p>Das INGW versteht die Bildung des Sozialen als eine sozialp\u00e4dagogische Aufgabe. Es erforscht die Grundlagen kollektiver Lern-, Bildungs- und Entwicklungsprozesse in Gemeinschaften und Gesellschaften unter Einbezug aller Betroffenen. Dabei stehen die Bildungsbedingungen des Sozialen f\u00fcr eine zuk\u00fcnftige Gesellschaft ebenso im Fokus wie die F\u00f6rderung und Verbesserung individueller und kollektiver Bildungsprozesse im aktuellen Bildungs- und Sozialbereich. [&hellip;]<\/p>\n","protected":false},"author":2,"featured_media":250,"parent":0,"menu_order":0,"comment_status":"closed","ping_status":"closed","template":"","meta":{"om_disable_all_campaigns":false,"_monsterinsights_skip_tracking":false,"_monsterinsights_sitenote_active":false,"_monsterinsights_sitenote_note":"","_monsterinsights_sitenote_category":0,"footnotes":""},"class_list":["post-354","page","type-page","status-publish","has-post-thumbnail","hentry"],"aioseo_notices":[],"_links":{"self":[{"href":"https:\/\/ingw.eu\/en\/wp-json\/wp\/v2\/pages\/354","targetHints":{"allow":["GET"]}}],"collection":[{"href":"https:\/\/ingw.eu\/en\/wp-json\/wp\/v2\/pages"}],"about":[{"href":"https:\/\/ingw.eu\/en\/wp-json\/wp\/v2\/types\/page"}],"author":[{"embeddable":true,"href":"https:\/\/ingw.eu\/en\/wp-json\/wp\/v2\/users\/2"}],"replies":[{"embeddable":true,"href":"https:\/\/ingw.eu\/en\/wp-json\/wp\/v2\/comments?post=354"}],"version-history":[{"count":1,"href":"https:\/\/ingw.eu\/en\/wp-json\/wp\/v2\/pages\/354\/revisions"}],"predecessor-version":[{"id":355,"href":"https:\/\/ingw.eu\/en\/wp-json\/wp\/v2\/pages\/354\/revisions\/355"}],"wp:featuredmedia":[{"embeddable":true,"href":"https:\/\/ingw.eu\/en\/wp-json\/wp\/v2\/media\/250"}],"wp:attachment":[{"href":"https:\/\/ingw.eu\/en\/wp-json\/wp\/v2\/media?parent=354"}],"curies":[{"name":"wp","href":"https:\/\/api.w.org\/{rel}","templated":true}]}}