{"id":362,"date":"2024-08-15T12:29:18","date_gmt":"2024-08-15T10:29:18","guid":{"rendered":"https:\/\/ingw.eu\/?page_id=362"},"modified":"2024-08-15T12:31:04","modified_gmt":"2024-08-15T10:31:04","slug":"steuerung","status":"publish","type":"page","link":"https:\/\/ingw.eu\/en\/steuerung\/","title":{"rendered":"Steuerung"},"content":{"rendered":"<p>Das INGW fokussiert auf Gestaltung und Umgestaltung von gesellschaftlichen Transformationsbereichen sowie individuellen Verhaltensweisen.<\/p>\n\n\n\n<p>Nachhaltig-gesellschaftliche Transformationen m\u00fcssen in einer polyzentristischen Welt gesteuert werden. Das INGW fokussiert in seiner Arbeit auf Prozesse, Akteure, Instrumente und Strukturen der lokalen, nationalen und internationalen Gestaltung\/Umgestaltung von gesellschaftlichen Bereichen, die vor einer Herausforderung stehen. Gleichzeitig zielt Steuerung auf die \u00c4nderung individueller Verhaltensweisen zu ein nachhaltigen Praktiken ab, die mit Herausforderungen und Chancen f\u00fcr die Entwicklung von Lebensqualit\u00e4t einhergehen.<\/p>\n\n\n\n<p>Perspektiven:<\/p>\n\n\n\n<ul class=\"wp-block-list\">\n<li>Bedingungen und Formen von Steuerung<\/li>\n\n\n\n<li>Governance von gesellschaftlichen Transformationen und individuellem Verhalten<\/li>\n\n\n\n<li>Akteure des Wandels<\/li>\n<\/ul>","protected":false},"excerpt":{"rendered":"<p>Das INGW fokussiert auf Gestaltung und Umgestaltung von gesellschaftlichen Transformationsbereichen sowie individuellen Verhaltensweisen. Nachhaltig-gesellschaftliche Transformationen m\u00fcssen in einer polyzentristischen Welt gesteuert werden. Das INGW fokussiert in seiner Arbeit auf Prozesse, Akteure, Instrumente und Strukturen der lokalen, nationalen und internationalen Gestaltung\/Umgestaltung von gesellschaftlichen Bereichen, die vor einer Herausforderung stehen. Gleichzeitig zielt Steuerung auf die \u00c4nderung individueller [&hellip;]<\/p>\n","protected":false},"author":2,"featured_media":248,"parent":0,"menu_order":0,"comment_status":"closed","ping_status":"closed","template":"","meta":{"om_disable_all_campaigns":false,"_monsterinsights_skip_tracking":false,"_monsterinsights_sitenote_active":false,"_monsterinsights_sitenote_note":"","_monsterinsights_sitenote_category":0,"footnotes":""},"class_list":["post-362","page","type-page","status-publish","has-post-thumbnail","hentry"],"aioseo_notices":[],"_links":{"self":[{"href":"https:\/\/ingw.eu\/en\/wp-json\/wp\/v2\/pages\/362","targetHints":{"allow":["GET"]}}],"collection":[{"href":"https:\/\/ingw.eu\/en\/wp-json\/wp\/v2\/pages"}],"about":[{"href":"https:\/\/ingw.eu\/en\/wp-json\/wp\/v2\/types\/page"}],"author":[{"embeddable":true,"href":"https:\/\/ingw.eu\/en\/wp-json\/wp\/v2\/users\/2"}],"replies":[{"embeddable":true,"href":"https:\/\/ingw.eu\/en\/wp-json\/wp\/v2\/comments?post=362"}],"version-history":[{"count":1,"href":"https:\/\/ingw.eu\/en\/wp-json\/wp\/v2\/pages\/362\/revisions"}],"predecessor-version":[{"id":363,"href":"https:\/\/ingw.eu\/en\/wp-json\/wp\/v2\/pages\/362\/revisions\/363"}],"wp:featuredmedia":[{"embeddable":true,"href":"https:\/\/ingw.eu\/en\/wp-json\/wp\/v2\/media\/248"}],"wp:attachment":[{"href":"https:\/\/ingw.eu\/en\/wp-json\/wp\/v2\/media?parent=362"}],"curies":[{"name":"wp","href":"https:\/\/api.w.org\/{rel}","templated":true}]}}