{"id":8,"date":"2022-02-11T11:07:53","date_gmt":"2022-02-11T10:07:53","guid":{"rendered":"https:\/\/ingw.eu\/?page_id=8"},"modified":"2022-10-13T10:03:13","modified_gmt":"2022-10-13T08:03:13","slug":"gestalten-beratung","status":"publish","type":"page","link":"https:\/\/ingw.eu\/en\/gestalten-beratung\/","title":{"rendered":"Design"},"content":{"rendered":"<figure class=\"wp-block-table\"><table><tbody><tr><td>Design<\/td><td>Gesellschaften ver\u00e4ndern sich immer \u2013 mal erscheint der Wandel krisenhaft und \u00fcberfordernd, mal vollzieht sich Wandel so langsam, dass man glaubt in immer stabilen Verh\u00e4ltnissen zu leben. Gerade weil Gesellschaften permanent im Wandel sind, ben\u00f6tigen Sie auch aktive Gestaltung hin zu Ideen, Werten und Normen, die ein H\u00f6chstma\u00df an Demokratie, individueller und kollektiver Selbstbestimmung und aktiver Mitgestaltung erm\u00f6glichen. Auch der Weg zur nachhaltigen Gesellschaft ist kein vorgezeichneter oder folgt keinem Automatismus \u2013 nach wie vor braucht es aktive und mutige Menschen, die mit uns gemeinsam diesen Weg ausbauen wollen.<\/td><\/tr><\/tbody><\/table><\/figure>","protected":false},"excerpt":{"rendered":"<p>Gestalten Gesellschaften ver\u00e4ndern sich immer \u2013 mal erscheint der Wandel krisenhaft und \u00fcberfordernd, mal vollzieht sich Wandel so langsam, dass man glaubt in immer stabilen Verh\u00e4ltnissen zu leben. Gerade weil Gesellschaften permanent im Wandel sind, ben\u00f6tigen Sie auch aktive Gestaltung hin zu Ideen, Werten und Normen, die ein H\u00f6chstma\u00df an Demokratie, individueller und kollektiver Selbstbestimmung [&hellip;]<\/p>\n","protected":false},"author":1,"featured_media":0,"parent":0,"menu_order":0,"comment_status":"closed","ping_status":"closed","template":"","meta":{"om_disable_all_campaigns":false,"_monsterinsights_skip_tracking":false,"_monsterinsights_sitenote_active":false,"_monsterinsights_sitenote_note":"","_monsterinsights_sitenote_category":0,"footnotes":""},"class_list":["post-8","page","type-page","status-publish","hentry"],"aioseo_notices":[],"_links":{"self":[{"href":"https:\/\/ingw.eu\/en\/wp-json\/wp\/v2\/pages\/8","targetHints":{"allow":["GET"]}}],"collection":[{"href":"https:\/\/ingw.eu\/en\/wp-json\/wp\/v2\/pages"}],"about":[{"href":"https:\/\/ingw.eu\/en\/wp-json\/wp\/v2\/types\/page"}],"author":[{"embeddable":true,"href":"https:\/\/ingw.eu\/en\/wp-json\/wp\/v2\/users\/1"}],"replies":[{"embeddable":true,"href":"https:\/\/ingw.eu\/en\/wp-json\/wp\/v2\/comments?post=8"}],"version-history":[{"count":4,"href":"https:\/\/ingw.eu\/en\/wp-json\/wp\/v2\/pages\/8\/revisions"}],"predecessor-version":[{"id":166,"href":"https:\/\/ingw.eu\/en\/wp-json\/wp\/v2\/pages\/8\/revisions\/166"}],"wp:attachment":[{"href":"https:\/\/ingw.eu\/en\/wp-json\/wp\/v2\/media?parent=8"}],"curies":[{"name":"wp","href":"https:\/\/api.w.org\/{rel}","templated":true}]}}